{"id":1002,"date":"2019-07-22T14:22:14","date_gmt":"2019-07-22T14:22:14","guid":{"rendered":"https:\/\/www.ophos.com.br\/suporte\/?page_id=1002"},"modified":"2020-11-17T18:32:15","modified_gmt":"2020-11-17T18:32:15","slug":"atendimento","status":"publish","type":"page","link":"https:\/\/www.ophos.com.br\/suporte\/atendimento\/","title":{"rendered":"Atendimento"},"content":{"rendered":"\t\t<div data-elementor-type=\"wp-post\" data-elementor-id=\"1002\" class=\"elementor elementor-1002\" data-elementor-settings=\"[]\">\n\t\t\t\t\t\t<div class=\"elementor-inner\">\n\t\t\t\t\t\t\t<div class=\"elementor-section-wrap\">\n\t\t\t\t\t\t\t<section class=\"elementor-section elementor-top-section elementor-element elementor-element-281f294 elementor-section-boxed elementor-section-height-default elementor-section-height-default\" data-id=\"281f294\" data-element_type=\"section\">\n\t\t\t\t\t\t<div class=\"elementor-container elementor-column-gap-default\">\n\t\t\t\t\t\t\t<div class=\"elementor-row\">\n\t\t\t\t\t<div class=\"elementor-column elementor-col-50 elementor-top-column elementor-element elementor-element-feb7a50\" data-id=\"feb7a50\" data-element_type=\"column\">\n\t\t\t<div class=\"elementor-column-wrap elementor-element-populated\">\n\t\t\t\t\t\t\t<div class=\"elementor-widget-wrap\">\n\t\t\t\t\t\t<div class=\"elementor-element elementor-element-9c38e7c elementor-widget elementor-widget-text-editor\" data-id=\"9c38e7c\" data-element_type=\"widget\" data-widget_type=\"text-editor.default\">\n\t\t\t\t<div class=\"elementor-widget-container\">\n\t\t\t\t\t\t\t\t<div class=\"elementor-text-editor elementor-clearfix\">\n\t\t\t\t\t<p>Preencha os dados abaixo que nossa equipe entrar\u00e1 em contato. Todos campos s\u00e3o obrigat\u00f3rios.<\/p>\t\t\t\t\t<\/div>\n\t\t\t\t\t\t<\/div>\n\t\t\t\t<\/div>\n\t\t\t\t<div class=\"elementor-element elementor-element-084e9ae elementor-widget elementor-widget-shortcode\" data-id=\"084e9ae\" data-element_type=\"widget\" data-widget_type=\"shortcode.default\">\n\t\t\t\t<div class=\"elementor-widget-container\">\n\t\t\t\t\t<div class=\"elementor-shortcode\"><div role=\"form\" class=\"wpcf7\" id=\"wpcf7-f1488-o1\" lang=\"pt-BR\" dir=\"ltr\">\n<div class=\"screen-reader-response\"><p role=\"status\" aria-live=\"polite\" aria-atomic=\"true\"><\/p> <ul><\/ul><\/div>\n<form action=\"\/suporte\/wp-json\/wp\/v2\/pages\/1002#wpcf7-f1488-o1\" method=\"post\" class=\"wpcf7-form init\" enctype=\"multipart\/form-data\" novalidate=\"novalidate\" data-status=\"init\">\n<div style=\"display: none;\">\n<input type=\"hidden\" name=\"_wpcf7\" value=\"1488\" \/>\n<input type=\"hidden\" name=\"_wpcf7_version\" value=\"5.4.1\" \/>\n<input type=\"hidden\" name=\"_wpcf7_locale\" value=\"pt_BR\" \/>\n<input type=\"hidden\" name=\"_wpcf7_unit_tag\" value=\"wpcf7-f1488-o1\" \/>\n<input type=\"hidden\" name=\"_wpcf7_container_post\" value=\"0\" \/>\n<input type=\"hidden\" name=\"_wpcf7_posted_data_hash\" value=\"\" \/>\n<\/div>\n<p><label> Nome<br \/>\n    <span class=\"wpcf7-form-control-wrap your-name\"><input type=\"text\" name=\"your-name\" value=\"\" size=\"40\" class=\"wpcf7-form-control wpcf7-text wpcf7-validates-as-required\" aria-required=\"true\" aria-invalid=\"false\" \/><\/span> <\/label><\/p>\n<p><label> Raz\u00e3o Social da Empresa<br \/>\n    <span class=\"wpcf7-form-control-wrap your-name\"><input type=\"text\" name=\"your-name\" value=\"\" size=\"40\" class=\"wpcf7-form-control wpcf7-text wpcf7-validates-as-required\" aria-required=\"true\" aria-invalid=\"false\" \/><\/span> <\/label><\/p>\n<p><label> CNPJ da Empresa cliente Ophos<br \/>\n    <span class=\"wpcf7-form-control-wrap your-name\"><input type=\"text\" name=\"your-name\" value=\"\" size=\"40\" class=\"wpcf7-form-control wpcf7-text wpcf7-validates-as-required\" aria-required=\"true\" aria-invalid=\"false\" \/><\/span> <\/label><\/p>\n<p><label> E-mail<br \/>\n    <span class=\"wpcf7-form-control-wrap your-email\"><input type=\"email\" name=\"your-email\" value=\"\" size=\"40\" class=\"wpcf7-form-control wpcf7-text wpcf7-email wpcf7-validates-as-required wpcf7-validates-as-email\" aria-required=\"true\" aria-invalid=\"false\" \/><\/span> <\/label><\/p>\n<p><label> Cidade<br \/>\n    <span class=\"wpcf7-form-control-wrap city\"><input type=\"text\" name=\"city\" value=\"\" size=\"40\" class=\"wpcf7-form-control wpcf7-text wpcf7-validates-as-required\" aria-required=\"true\" aria-invalid=\"false\" \/><\/span> <\/label><\/p>\n<p><label> Estado<br \/>\n<span class=\"wpcf7-form-control-wrap state\"><select name=\"state\" class=\"wpcf7-form-control wpcf7-select wpcf7-validates-as-required\" aria-required=\"true\" aria-invalid=\"false\"><option value=\"\">---<\/option><option value=\"AC\">AC<\/option><option value=\"AL\">AL<\/option><option value=\"AP\">AP<\/option><option value=\"AM\">AM<\/option><option value=\"BA\">BA<\/option><option value=\"CE\">CE<\/option><option value=\"DF\">DF<\/option><option value=\"ES\">ES<\/option><option value=\"GO\">GO<\/option><option value=\"MA\">MA<\/option><option value=\"MT\">MT<\/option><option value=\"MS\">MS<\/option><option value=\"MG\">MG<\/option><option value=\"PA\">PA<\/option><option value=\"PB\">PB<\/option><option value=\"PR\">PR<\/option><option value=\"PE\">PE<\/option><option value=\"PI\">PI<\/option><option value=\"RJ\">RJ<\/option><option value=\"RN\">RN<\/option><option value=\"RS\">RS<\/option><option value=\"RO\">RO<\/option><option value=\"RR\">RR<\/option><option value=\"SC\">SC<\/option><option value=\"SP\">SP<\/option><option value=\"SE\">SE<\/option><option value=\"TO\">TO<\/option><\/select><\/span> <\/label><\/p>\n<p><label> Telefone<br \/>\n<span class=\"wpcf7-form-control-wrap phone\"><input type=\"tel\" name=\"phone\" value=\"\" size=\"40\" class=\"wpcf7-form-control wpcf7-text wpcf7-tel wpcf7-validates-as-required wpcf7-validates-as-tel\" aria-required=\"true\" aria-invalid=\"false\" \/><\/span> <\/label><\/p>\n<p><label> Celular<br \/>\n<span class=\"wpcf7-form-control-wrap cellphone\"><input type=\"tel\" name=\"cellphone\" value=\"\" size=\"40\" class=\"wpcf7-form-control wpcf7-text wpcf7-tel wpcf7-validates-as-tel\" aria-invalid=\"false\" \/><\/span> <\/label><\/p>\n<p><label> Servi\u00e7o<br \/>\n<span class=\"wpcf7-form-control-wrap your-subject\"><select name=\"your-subject\" class=\"wpcf7-form-control wpcf7-select wpcf7-validates-as-required\" aria-required=\"true\" aria-invalid=\"false\"><option value=\"\">---<\/option><option value=\"Ophos.NF-e - Nota Fiscal Eletr\u00f4nica\">Ophos.NF-e - Nota Fiscal Eletr\u00f4nica<\/option><option value=\"Ophos.CT-e - Conhecimento de Transporte Eletr\u00f4nico\">Ophos.CT-e - Conhecimento de Transporte Eletr\u00f4nico<\/option><option value=\"Ophos.MDF-e - Manifesto de Carga Eletr\u00f4nico\">Ophos.MDF-e - Manifesto de Carga Eletr\u00f4nico<\/option><option value=\"Ophos.NFS-e - Nota Fiscal de Servi\u00e7o Eletr\u00f4nica\">Ophos.NFS-e - Nota Fiscal de Servi\u00e7o Eletr\u00f4nica<\/option><option value=\"Ophos.BP-e - Bilhete de Passagem Eletr\u00f4nico\">Ophos.BP-e - Bilhete de Passagem Eletr\u00f4nico<\/option><option value=\"Ophos.TMS - Gest\u00e3o de Transportes\">Ophos.TMS - Gest\u00e3o de Transportes<\/option><option value=\"Ophos.Express\">Ophos.Express<\/option><option value=\"Ophos.Bus\">Ophos.Bus<\/option><\/select><\/span><br \/>\n<\/label> <\/p>\n<p><label> Assunto<br \/>\n<span class=\"wpcf7-form-control-wrap your-subject\"><select name=\"your-subject\" class=\"wpcf7-form-control wpcf7-select wpcf7-validates-as-required\" aria-required=\"true\" aria-invalid=\"false\"><option value=\"\">---<\/option><option value=\"Certificado Digital\">Certificado Digital<\/option><option value=\"Sem acesso ao sistema\">Sem acesso ao sistema<\/option><option value=\"Rejei\u00e7\u00e3o de documento\">Rejei\u00e7\u00e3o de documento<\/option><option value=\"Erro de processamento\">Erro de processamento<\/option><option value=\"Aux\u00edlio Carta de Corre\u00e7\u00e3o\">Aux\u00edlio Carta de Corre\u00e7\u00e3o<\/option><option value=\"Aux\u00edlio Cancelamento de Documento\">Aux\u00edlio Cancelamento de Documento<\/option><option value=\"Impress\u00e3o do Documento\">Impress\u00e3o do Documento<\/option><option value=\"Relat\u00f3rios\">Relat\u00f3rios<\/option><option value=\"PDF (ajuda para baixar, configura\u00e7\u00e3o, alguma informa\u00e7\u00e3o n\u00e3o bate com o documento gerado)\">PDF (ajuda para baixar, configura\u00e7\u00e3o, alguma informa\u00e7\u00e3o n\u00e3o bate com o documento gerado)<\/option><option value=\"XML (ajuda para baixar, cria\u00e7\u00e3o de um documento sem o XML da NF-e ou CT-e, erro ao importar um XML)\">XML (ajuda para baixar, cria\u00e7\u00e3o de um documento sem o XML da NF-e ou CT-e, erro ao importar um XML)<\/option><option value=\"D\u00favidas no Preenchimento de Campos\">D\u00favidas no Preenchimento de Campos<\/option><option value=\"Outro assunto\">Outro assunto<\/option><\/select><\/span><br \/>\n<\/label><\/p>\n<p><label> Sua mensagem<br \/>\n    <span class=\"wpcf7-form-control-wrap your-message\"><textarea name=\"your-message\" cols=\"40\" rows=\"10\" class=\"wpcf7-form-control wpcf7-textarea\" aria-invalid=\"false\"><\/textarea><\/span> <\/label><\/p>\n<p><span class=\"wpcf7-form-control-wrap file\"><input type=\"file\" name=\"file\" size=\"40\" class=\"wpcf7-form-control wpcf7-file\" accept=\".gif,.png,.jpg,.jpeg,.pdf,.zip,.doc,.docx\" aria-invalid=\"false\" \/><\/span><\/p>\n<p><input type=\"submit\" value=\"Enviar\" class=\"wpcf7-form-control wpcf7-submit\" \/><\/p>\n<div class=\"wpcf7-response-output\" aria-hidden=\"true\"><\/div><\/form><\/div><\/div>\n\t\t\t\t<\/div>\n\t\t\t\t<\/div>\n\t\t\t\t\t\t<\/div>\n\t\t\t\t\t<\/div>\n\t\t<\/div>\n\t\t\t\t<div class=\"elementor-column elementor-col-50 elementor-top-column elementor-element elementor-element-a5172e5\" data-id=\"a5172e5\" data-element_type=\"column\">\n\t\t\t<div class=\"elementor-column-wrap elementor-element-populated\">\n\t\t\t\t\t\t\t<div class=\"elementor-widget-wrap\">\n\t\t\t\t\t\t<div class=\"elementor-element elementor-element-e00c50f elementor-widget elementor-widget-heading\" data-id=\"e00c50f\" data-element_type=\"widget\" data-widget_type=\"heading.default\">\n\t\t\t\t<div class=\"elementor-widget-container\">\n\t\t\t<h3 class=\"elementor-heading-title elementor-size-default\">Nossa localiza\u00e7\u00e3o<\/h3>\t\t<\/div>\n\t\t\t\t<\/div>\n\t\t\t\t<div class=\"elementor-element elementor-element-55abf82 elementor-widget elementor-widget-google_maps\" data-id=\"55abf82\" data-element_type=\"widget\" data-widget_type=\"google_maps.default\">\n\t\t\t\t<div class=\"elementor-widget-container\">\n\t\t\t<div class=\"elementor-custom-embed\"><iframe frameborder=\"0\" scrolling=\"no\" marginheight=\"0\" marginwidth=\"0\" src=\"https:\/\/maps.google.com\/maps?q=Av.%20Maria%20de%20Jesus%20Condeixa%2C%20600%20-%20Jardim%20Palma%20Travassos%2C%20Ribeir%C3%A3o%20Preto%20-%20SP%2C%2014091-240&amp;t=m&amp;z=16&amp;output=embed&amp;iwloc=near\" title=\"Av. Maria de Jesus Condeixa, 600 - Jardim Palma Travassos, Ribeir\u00e3o Preto - SP, 14091-240\" aria-label=\"Av. Maria de Jesus Condeixa, 600 - Jardim Palma Travassos, Ribeir\u00e3o Preto - SP, 14091-240\"><\/iframe><\/div>\t\t<\/div>\n\t\t\t\t<\/div>\n\t\t\t\t<div class=\"elementor-element elementor-element-b5c118a elementor-widget elementor-widget-text-editor\" data-id=\"b5c118a\" data-element_type=\"widget\" data-widget_type=\"text-editor.default\">\n\t\t\t\t<div class=\"elementor-widget-container\">\n\t\t\t\t\t\t\t\t<div class=\"elementor-text-editor elementor-clearfix\">\n\t\t\t\t\t<p>Av. Maria de Jesus Condeixa, 600, Conjunto 528 &#8211; Jardim Palma Travassos<br \/>Ribeir\u00e3o Preto &#8211; SP &#8211; CEP: 14091-240<\/p>\t\t\t\t\t<\/div>\n\t\t\t\t\t\t<\/div>\n\t\t\t\t<\/div>\n\t\t\t\t<div class=\"elementor-element elementor-element-dd295b2 elementor-widget elementor-widget-heading\" data-id=\"dd295b2\" data-element_type=\"widget\" data-widget_type=\"heading.default\">\n\t\t\t\t<div class=\"elementor-widget-container\">\n\t\t\t<h3 class=\"elementor-heading-title elementor-size-default\">Telefones<\/h3>\t\t<\/div>\n\t\t\t\t<\/div>\n\t\t\t\t<div class=\"elementor-element elementor-element-89f9c00 elementor-widget elementor-widget-text-editor\" data-id=\"89f9c00\" data-element_type=\"widget\" data-widget_type=\"text-editor.default\">\n\t\t\t\t<div class=\"elementor-widget-container\">\n\t\t\t\t\t\t\t\t<div class=\"elementor-text-editor elementor-clearfix\">\n\t\t\t\t\t<p>(16) 3514-0510 &#8211; Ribeir\u00e3o Preto-SP<\/p><p>Site: <a href=\"http:\/\/www.ophos.com.br\">www.ophos.com.br<\/a><\/p>\t\t\t\t\t<\/div>\n\t\t\t\t\t\t<\/div>\n\t\t\t\t<\/div>\n\t\t\t\t<div class=\"elementor-element elementor-element-8cf1568 e-grid-align-left elementor-shape-rounded elementor-grid-0 elementor-widget elementor-widget-social-icons\" data-id=\"8cf1568\" data-element_type=\"widget\" data-widget_type=\"social-icons.default\">\n\t\t\t\t<div class=\"elementor-widget-container\">\n\t\t\t\t\t<div class=\"elementor-social-icons-wrapper elementor-grid\">\n\t\t\t\t\t\t\t<div class=\"elementor-grid-item\">\n\t\t\t\t\t<a class=\"elementor-icon elementor-social-icon elementor-social-icon-facebook elementor-repeater-item-ac80578\" href=\"https:\/\/www.facebook.com\/ophostecnologia\" target=\"_blank\">\n\t\t\t\t\t\t<span class=\"elementor-screen-only\">Facebook<\/span>\n\t\t\t\t\t\t<i class=\"fab fa-facebook\"><\/i>\t\t\t\t\t<\/a>\n\t\t\t\t<\/div>\n\t\t\t\t\t\t\t<div class=\"elementor-grid-item\">\n\t\t\t\t\t<a class=\"elementor-icon elementor-social-icon elementor-social-icon-twitter elementor-repeater-item-5e7b876\" href=\"http:\/\/twitter.com\/ophos\" target=\"_blank\">\n\t\t\t\t\t\t<span class=\"elementor-screen-only\">Twitter<\/span>\n\t\t\t\t\t\t<i class=\"fab fa-twitter\"><\/i>\t\t\t\t\t<\/a>\n\t\t\t\t<\/div>\n\t\t\t\t\t\t\t<div class=\"elementor-grid-item\">\n\t\t\t\t\t<a class=\"elementor-icon elementor-social-icon elementor-social-icon-linkedin elementor-repeater-item-b206c92\" href=\"http:\/\/www.linkedin.com\/company\/ophos?trk=top_nav_home\" target=\"_blank\">\n\t\t\t\t\t\t<span class=\"elementor-screen-only\">Linkedin<\/span>\n\t\t\t\t\t\t<i class=\"fab fa-linkedin\"><\/i>\t\t\t\t\t<\/a>\n\t\t\t\t<\/div>\n\t\t\t\t\t\t\t<div class=\"elementor-grid-item\">\n\t\t\t\t\t<a class=\"elementor-icon elementor-social-icon elementor-social-icon-instagram elementor-repeater-item-8436fa0\" href=\"https:\/\/www.instagram.com\/ophostecnologia\/?hl=pt-br\" target=\"_blank\">\n\t\t\t\t\t\t<span class=\"elementor-screen-only\">Instagram<\/span>\n\t\t\t\t\t\t<i class=\"fab fa-instagram\"><\/i>\t\t\t\t\t<\/a>\n\t\t\t\t<\/div>\n\t\t\t\t\t\t\t<div class=\"elementor-grid-item\">\n\t\t\t\t\t<a class=\"elementor-icon elementor-social-icon elementor-social-icon-youtube elementor-repeater-item-20a268d\" href=\"https:\/\/www.youtube.com\/c\/OphosBr\" target=\"_blank\">\n\t\t\t\t\t\t<span class=\"elementor-screen-only\">Youtube<\/span>\n\t\t\t\t\t\t<i class=\"fab fa-youtube\"><\/i>\t\t\t\t\t<\/a>\n\t\t\t\t<\/div>\n\t\t\t\t\t<\/div>\n\t\t\t\t<\/div>\n\t\t\t\t<\/div>\n\t\t\t\t\t\t<\/div>\n\t\t\t\t\t<\/div>\n\t\t<\/div>\n\t\t\t\t\t\t\t\t<\/div>\n\t\t\t\t\t<\/div>\n\t\t<\/section>\n\t\t\t\t\t\t<\/div>\n\t\t\t\t\t\t<\/div>\n\t\t\t\t\t<\/div>\n\t\t","protected":false},"excerpt":{"rendered":"<p>Preencha os dados abaixo que nossa equipe entrar\u00e1 em contato. Todos campos s\u00e3o obrigat\u00f3rios. Nossa localiza\u00e7\u00e3o Av. Maria de Jesus Condeixa, 600, Conjunto 528 &#8211; Jardim Palma TravassosRibeir\u00e3o Preto &#8211; SP &#8211; CEP: 14091-240 Telefones (16) 3514-0510 &#8211; Ribeir\u00e3o Preto-SP Site: www.ophos.com.br Facebook Twitter Linkedin Instagram Youtube<\/p>\n","protected":false},"author":1,"featured_media":0,"parent":0,"menu_order":0,"comment_status":"closed","ping_status":"closed","template":"","meta":[],"_links":{"self":[{"href":"https:\/\/www.ophos.com.br\/suporte\/wp-json\/wp\/v2\/pages\/1002"}],"collection":[{"href":"https:\/\/www.ophos.com.br\/suporte\/wp-json\/wp\/v2\/pages"}],"about":[{"href":"https:\/\/www.ophos.com.br\/suporte\/wp-json\/wp\/v2\/types\/page"}],"author":[{"embeddable":true,"href":"https:\/\/www.ophos.com.br\/suporte\/wp-json\/wp\/v2\/users\/1"}],"replies":[{"embeddable":true,"href":"https:\/\/www.ophos.com.br\/suporte\/wp-json\/wp\/v2\/comments?post=1002"}],"version-history":[{"count":15,"href":"https:\/\/www.ophos.com.br\/suporte\/wp-json\/wp\/v2\/pages\/1002\/revisions"}],"predecessor-version":[{"id":1489,"href":"https:\/\/www.ophos.com.br\/suporte\/wp-json\/wp\/v2\/pages\/1002\/revisions\/1489"}],"wp:attachment":[{"href":"https:\/\/www.ophos.com.br\/suporte\/wp-json\/wp\/v2\/media?parent=1002"}],"curies":[{"name":"wp","href":"https:\/\/api.w.org\/{rel}","templated":true}]}}